{"id":451,"date":"2022-10-14T08:11:56","date_gmt":"2022-10-14T08:11:56","guid":{"rendered":"https:\/\/catedrabts.i3a.es\/?page_id=451"},"modified":"2022-10-20T12:07:19","modified_gmt":"2022-10-20T12:07:19","slug":"quienes-somos","status":"publish","type":"page","link":"https:\/\/catedrabts.i3a.es\/en\/quienes-somos\/","title":{"rendered":"About us"},"content":{"rendered":"<div id=\"pl-gb451-69d6b412eab37\"  class=\"panel-layout\" ><div id=\"pg-gb451-69d6b412eab37-0\"  class=\"panel-grid panel-no-style\" ><div id=\"pgc-gb451-69d6b412eab37-0-0\"  class=\"panel-grid-cell\" ><div id=\"panel-gb451-69d6b412eab37-0-0-0\" class=\"so-panel widget widget_sow-editor panel-first-child panel-last-child\" data-index=\"0\" ><div\n\t\t\t\n\t\t\tclass=\"so-widget-sow-editor so-widget-sow-editor-base\"\n\t\t\t\n\t\t>\n<div class=\"siteorigin-widget-tinymce textwidget\">\n\t<p>La c\u00e1tedra BTS GROUP Nuevas Tecnolog\u00edas de Telecomunicaciones se firm\u00f3 el 11 de julio de 2022 entre la Universidad de Zaragoza y la empresa Business Telecommunications Services, S.A. Esta colaboraci\u00f3n permite a ambas instituciones promover la investigaci\u00f3n y aplicaci\u00f3n de tecnolog\u00edas \u00fatiles para el ecosistema de las telecomunicaciones a nivel internacional.<\/p>\n<p>Dentro de las actividades de la c\u00e1tedra, se ofrecen diversas actividades relacionadas con la formaci\u00f3n y becas para el desarrollo de trabajos de fin de estudios en las tem\u00e1ticas de inter\u00e9s para la c\u00e1tedra; se organizan y\/o patrocinan actividades de inter\u00e9s tanto para alumnos como para los profesionales del sector y se realizan diversos estudios prospectivos de diferentes tecnolog\u00edas para probar su viabilidad o madurez para ser empleadas en el \u00e1mbito empresarial.<\/p>\n<\/div>\n<\/div><\/div><\/div><div id=\"pgc-gb451-69d6b412eab37-0-1\"  class=\"panel-grid-cell\" ><div id=\"panel-gb451-69d6b412eab37-0-1-0\" class=\"so-panel widget widget_sow-image panel-first-child panel-last-child\" data-index=\"1\" ><div class=\"panel-widget-style panel-widget-style-for-gb451-69d6b412eab37-0-1-0\" ><div\n\t\t\t\n\t\t\tclass=\"so-widget-sow-image so-widget-sow-image-default-8b5b6f678277-451\"\n\t\t\t\n\t\t>\n<div class=\"sow-image-container\">\n\t\t<img \n\tsrc=\"https:\/\/catedrabts.i3a.es\/wp-content\/uploads\/2022\/10\/Target_1.png\" width=\"4406\" height=\"1700\" srcset=\"https:\/\/catedrabts.i3a.es\/wp-content\/uploads\/2022\/10\/Target_1.png 4406w, https:\/\/catedrabts.i3a.es\/wp-content\/uploads\/2022\/10\/Target_1-300x116.png 300w, https:\/\/catedrabts.i3a.es\/wp-content\/uploads\/2022\/10\/Target_1-1024x395.png 1024w, https:\/\/catedrabts.i3a.es\/wp-content\/uploads\/2022\/10\/Target_1-768x296.png 768w, https:\/\/catedrabts.i3a.es\/wp-content\/uploads\/2022\/10\/Target_1-1536x593.png 1536w, https:\/\/catedrabts.i3a.es\/wp-content\/uploads\/2022\/10\/Target_1-2048x790.png 2048w, https:\/\/catedrabts.i3a.es\/wp-content\/uploads\/2022\/10\/Target_1-18x7.png 18w\" sizes=\"(max-width: 4406px) 100vw, 4406px\" alt=\"\" \t\tclass=\"so-widget-image\"\/>\n\t<\/div>\n\n<\/div><\/div><\/div><\/div><\/div><div id=\"pg-gb451-69d6b412eab37-1\"  class=\"panel-grid panel-has-style\" ><div class=\"panel-row-style panel-row-style-for-gb451-69d6b412eab37-1\" ><div id=\"pgc-gb451-69d6b412eab37-1-0\"  class=\"panel-grid-cell\" ><div id=\"panel-gb451-69d6b412eab37-1-0-0\" class=\"so-panel widget widget_sow-editor panel-first-child\" data-index=\"2\" ><div class=\"blanco panel-widget-style panel-widget-style-for-gb451-69d6b412eab37-1-0-0\" ><div\n\t\t\t\n\t\t\tclass=\"so-widget-sow-editor so-widget-sow-editor-base\"\n\t\t\t\n\t\t>\n<div class=\"siteorigin-widget-tinymce textwidget\">\n\t<h3 style=\"text-align: center;\">Director of the chair<\/h3>\n<p style=\"text-align: center;\">Prof. Alfonso Ortega Gim\u00e9nez<\/p>\n<\/div>\n<\/div><\/div><\/div><div id=\"panel-gb451-69d6b412eab37-1-0-1\" class=\"so-panel widget widget_sow-image panel-last-child\" data-index=\"3\" ><div\n\t\t\t\n\t\t\tclass=\"so-widget-sow-image so-widget-sow-image-default-113ccd71f3e6-451\"\n\t\t\t\n\t\t>\n<div class=\"sow-image-container\">\n\t\t<img \n\tsrc=\"https:\/\/catedrabts.i3a.es\/wp-content\/uploads\/2022\/10\/Icono03_1-1.png\" width=\"150\" height=\"73\" srcset=\"https:\/\/catedrabts.i3a.es\/wp-content\/uploads\/2022\/10\/Icono03_1-1.png 1344w, https:\/\/catedrabts.i3a.es\/wp-content\/uploads\/2022\/10\/Icono03_1-1-300x145.png 300w, https:\/\/catedrabts.i3a.es\/wp-content\/uploads\/2022\/10\/Icono03_1-1-1024x495.png 1024w, https:\/\/catedrabts.i3a.es\/wp-content\/uploads\/2022\/10\/Icono03_1-1-768x371.png 768w, https:\/\/catedrabts.i3a.es\/wp-content\/uploads\/2022\/10\/Icono03_1-1-18x9.png 18w\" sizes=\"(max-width: 150px) 100vw, 150px\" title=\"Icono03_1\" alt=\"\" \t\tclass=\"so-widget-image\"\/>\n\t<\/div>\n\n<\/div><\/div><\/div><div id=\"pgc-gb451-69d6b412eab37-1-1\"  class=\"panel-grid-cell\" ><div id=\"panel-gb451-69d6b412eab37-1-1-0\" class=\"so-panel widget widget_sow-editor panel-first-child panel-last-child\" data-index=\"4\" ><div class=\"blanco panel-widget-style panel-widget-style-for-gb451-69d6b412eab37-1-1-0\" ><div\n\t\t\t\n\t\t\tclass=\"so-widget-sow-editor so-widget-sow-editor-base\"\n\t\t\t\n\t\t>\n<div class=\"siteorigin-widget-tinymce textwidget\">\n\t<h3 style=\"text-align: center;\">Research Group<\/h3>\n<p style=\"text-align: center;\">The activities of the Chair are supported by ViVoLab, a research group in Speech and Multimedia Technologies of the University of Zaragoza.<\/p>\n<\/div>\n<\/div><\/div><\/div><\/div><div id=\"pgc-gb451-69d6b412eab37-1-2\"  class=\"panel-grid-cell\" ><div id=\"panel-gb451-69d6b412eab37-1-2-0\" class=\"so-panel widget widget_sow-editor panel-first-child panel-last-child\" data-index=\"5\" ><div class=\"blanco panel-widget-style panel-widget-style-for-gb451-69d6b412eab37-1-2-0\" ><div\n\t\t\t\n\t\t\tclass=\"so-widget-sow-editor so-widget-sow-editor-base\"\n\t\t\t\n\t\t>\n<div class=\"siteorigin-widget-tinymce textwidget\">\n\t<h3 style=\"text-align: center;\">Company<\/h3>\n<p style=\"text-align: center;\">BTS Group is a family company of Aragonese origin, with an international dimension. It was founded more than 20 years ago as a telecommunications carrier and provider of technology services for telecommunications operators.<\/p>\n<\/div>\n<\/div><\/div><\/div><\/div><\/div><\/div><\/div>","protected":false},"excerpt":{"rendered":"<p>La c\u00e1tedra BTS GROUP Nuevas Tecnolog\u00edas de Telecomunicaciones se firm\u00f3 el 11 de julio de 2022 entre la Universidad de Zaragoza y la empresa Business Telecommunications Services, S.A. Esta colaboraci\u00f3n permite a ambas instituciones promover la investigaci\u00f3n y aplicaci\u00f3n de tecnolog\u00edas \u00fatiles para el ecosistema de las telecomunicaciones a nivel internacional. Dentro de las actividades [&hellip;]<\/p>\n","protected":false},"author":1,"featured_media":0,"parent":0,"menu_order":0,"comment_status":"closed","ping_status":"closed","template":"","meta":{"footnotes":""},"class_list":["post-451","page","type-page","status-publish","hentry","post"],"_links":{"self":[{"href":"https:\/\/catedrabts.i3a.es\/en\/wp-json\/wp\/v2\/pages\/451","targetHints":{"allow":["GET"]}}],"collection":[{"href":"https:\/\/catedrabts.i3a.es\/en\/wp-json\/wp\/v2\/pages"}],"about":[{"href":"https:\/\/catedrabts.i3a.es\/en\/wp-json\/wp\/v2\/types\/page"}],"author":[{"embeddable":true,"href":"https:\/\/catedrabts.i3a.es\/en\/wp-json\/wp\/v2\/users\/1"}],"replies":[{"embeddable":true,"href":"https:\/\/catedrabts.i3a.es\/en\/wp-json\/wp\/v2\/comments?post=451"}],"version-history":[{"count":33,"href":"https:\/\/catedrabts.i3a.es\/en\/wp-json\/wp\/v2\/pages\/451\/revisions"}],"predecessor-version":[{"id":705,"href":"https:\/\/catedrabts.i3a.es\/en\/wp-json\/wp\/v2\/pages\/451\/revisions\/705"}],"wp:attachment":[{"href":"https:\/\/catedrabts.i3a.es\/en\/wp-json\/wp\/v2\/media?parent=451"}],"curies":[{"name":"wp","href":"https:\/\/api.w.org\/{rel}","templated":true}]}}